{"id":594,"date":"2022-11-25T15:14:37","date_gmt":"2022-11-25T14:14:37","guid":{"rendered":"http:\/\/www.shinfusion.it\/-wp\/?page_id=594"},"modified":"2024-09-07T11:49:36","modified_gmt":"2024-09-07T09:49:36","slug":"menu","status":"publish","type":"page","link":"https:\/\/www.shinfusion.it\/-wp\/menu\/","title":{"rendered":"&#8212; Menu"},"content":{"rendered":"<section class=\"wpb-content-wrapper\"><p>[vc_row content_placement=&#8221;top&#8221; motts_theme_padding=&#8221;no&#8221; use_container=&#8221;yes&#8221; conter_content=&#8221;yes&#8221; css=&#8221;.vc_custom_1670941161074{margin-top: -150px !important;}&#8221; el_class=&#8221;solo_desk&#8221;][vc_column]\n\t\t\t<!-- START home REVOLUTION SLIDER 6.5.16 --><p class=\"rs-p-wp-fix\"><\/p>\n\t\t\t<rs-module-wrap id=\"rev_slider_1_1_wrapper\" data-source=\"gallery\" style=\"visibility:hidden;background:transparent;padding:0;\">\n\t\t\t\t<rs-module id=\"rev_slider_1_1\" style=\"\" data-version=\"6.5.16\">\n\t\t\t\t\t<rs-slides>\n\t\t\t\t\t\t<rs-slide style=\"position: absolute;\" data-key=\"rs-2\" data-title=\"Slide\" data-duration=\"5000ms\" data-anim=\"f:nodelay;\" data-filter=\"b:2;\" data-in=\"prst:rndany;o:0;sx:1.2;sy:1.5;m:true;row:6;\">\n\t\t\t\t\t\t\t<img loading=\"lazy\" decoding=\"async\" src=\"\/\/www.shinfusion.it\/-wp\/wp-content\/plugins\/revslider\/public\/assets\/assets\/dummy.png\" alt=\"\" title=\"1\" width=\"1800\" height=\"1100\" class=\"rev-slidebg tp-rs-img rs-lazyload\" data-lazyload=\"\/\/www.shinfusion.it\/-wp\/wp-content\/uploads\/2022\/12\/1-1.jpg\" data-no-retina>\n<!---->\t\t\t\t\t\t<\/rs-slide>\n\t\t\t\t\t\t<rs-slide style=\"position: absolute;\" data-key=\"rs-10\" data-title=\"Slide\" data-duration=\"5000ms\" data-anim=\"d:40;ms:1200;\" data-filter=\"b:3;\" data-in=\"prst:rndany;o:0;x:cyc(-100%|-100%|100%|100%);y:cyc(-20%|20%|-20%|20%);r:cyc(-20|20|-20|20);sx:0.5;sy:0.5;row:2;col:2;\" data-out=\"o:0;x:cyc(5%|5%|-5%|-5%);y:cyc(4%|-4%|4%|-4%);sx:0.8;sy:0.8;row:2;col:2;\" data-d3=\"f:cube;z:450;t:20;su:true;sc:#9e9e9e;\">\n\t\t\t\t\t\t\t<img loading=\"lazy\" decoding=\"async\" src=\"\/\/www.shinfusion.it\/-wp\/wp-content\/plugins\/revslider\/public\/assets\/assets\/dummy.png\" alt=\"\" title=\"2\" width=\"1800\" height=\"1100\" class=\"rev-slidebg tp-rs-img rs-lazyload\" data-lazyload=\"\/\/www.shinfusion.it\/-wp\/wp-content\/uploads\/2022\/12\/2-1.jpg\" data-no-retina>\n<!---->\t\t\t\t\t\t<\/rs-slide>\n\t\t\t\t\t\t<rs-slide style=\"position: absolute;\" data-key=\"rs-11\" data-title=\"Slide\" data-duration=\"5000ms\" data-anim=\"d:35;ms:2000;f:edges;\" data-in=\"prst:rndany;x:cyc(100%|-100%);m:true;col:8;\" data-d3=\"f:cube;d:vertical;z:450;t:20;su:true;sc:#9e9e9e;\">\n\t\t\t\t\t\t\t<img loading=\"lazy\" decoding=\"async\" src=\"\/\/www.shinfusion.it\/-wp\/wp-content\/plugins\/revslider\/public\/assets\/assets\/dummy.png\" alt=\"\" title=\"3\" width=\"1800\" height=\"1000\" class=\"rev-slidebg tp-rs-img rs-lazyload\" data-lazyload=\"\/\/www.shinfusion.it\/-wp\/wp-content\/uploads\/2022\/12\/3-1.jpg\" data-no-retina>\n<!---->\t\t\t\t\t\t<\/rs-slide>\n\t\t\t\t\t\t<rs-slide style=\"position: absolute;\" data-key=\"rs-12\" data-title=\"Slide\" data-duration=\"5000ms\" data-anim=\"d:15;ms:1000;f:center;\" data-in=\"prst:rndany;o:0;x:cyc(-10|10);y:cyc(-10|10);r:cyc(-10|10);sx:0.1;sy:0.1;row:8;col:8;\">\n\t\t\t\t\t\t\t<img loading=\"lazy\" decoding=\"async\" src=\"\/\/www.shinfusion.it\/-wp\/wp-content\/plugins\/revslider\/public\/assets\/assets\/dummy.png\" alt=\"\" title=\"4\" width=\"1800\" height=\"1100\" class=\"rev-slidebg tp-rs-img rs-lazyload\" data-lazyload=\"\/\/www.shinfusion.it\/-wp\/wp-content\/uploads\/2022\/12\/4.jpg\" data-no-retina>\n<!---->\t\t\t\t\t\t<\/rs-slide>\n\t\t\t\t\t\t<rs-slide style=\"position: absolute;\" data-key=\"rs-13\" data-title=\"Slide\" data-duration=\"5000ms\" data-anim=\"f:edges;\" data-in=\"prst:rndany;y:(-100%);col:5;\">\n\t\t\t\t\t\t\t<img loading=\"lazy\" decoding=\"async\" src=\"\/\/www.shinfusion.it\/-wp\/wp-content\/plugins\/revslider\/public\/assets\/assets\/dummy.png\" alt=\"\" title=\"5\" width=\"1800\" height=\"1100\" class=\"rev-slidebg tp-rs-img rs-lazyload\" data-lazyload=\"\/\/www.shinfusion.it\/-wp\/wp-content\/uploads\/2022\/12\/5.jpg\" data-no-retina>\n<!---->\t\t\t\t\t\t<\/rs-slide>\n\t\t\t\t\t\t<rs-slide style=\"position: absolute;\" data-key=\"rs-14\" data-title=\"Slide\" data-duration=\"5000ms\" data-in=\"prst:rndany;o:0;x:(100%);\" data-out=\"a:false;\">\n\t\t\t\t\t\t\t<img loading=\"lazy\" decoding=\"async\" src=\"\/\/www.shinfusion.it\/-wp\/wp-content\/plugins\/revslider\/public\/assets\/assets\/dummy.png\" alt=\"\" title=\"6\" width=\"1800\" height=\"1100\" class=\"rev-slidebg tp-rs-img rs-lazyload\" data-lazyload=\"\/\/www.shinfusion.it\/-wp\/wp-content\/uploads\/2022\/12\/6.jpg\" data-no-retina>\n<!---->\t\t\t\t\t\t<\/rs-slide>\n\t\t\t\t\t\t<rs-slide style=\"position: absolute;\" data-key=\"rs-15\" data-title=\"Slide\" data-duration=\"5000ms\" data-anim=\"ms:2000;\" data-in=\"prst:rndany;o:0;\" data-out=\"a:false;\" data-d3=\"f:cube;z:450;t:-45;su:true;\">\n\t\t\t\t\t\t\t<img loading=\"lazy\" decoding=\"async\" src=\"\/\/www.shinfusion.it\/-wp\/wp-content\/plugins\/revslider\/public\/assets\/assets\/dummy.png\" alt=\"\" title=\"7\" width=\"1800\" height=\"1100\" class=\"rev-slidebg tp-rs-img rs-lazyload\" data-lazyload=\"\/\/www.shinfusion.it\/-wp\/wp-content\/uploads\/2022\/12\/7.jpg\" data-no-retina>\n<!---->\t\t\t\t\t\t<\/rs-slide>\n\t\t\t\t\t<\/rs-slides>\n\t\t\t\t\t<rs-static-layers><!--\n\n\t\t\t\t\t\t\t--><rs-layer\n\t\t\t\t\t\t\t\tid=\"slider-1-slide-1-layer-0\" \n\t\t\t\t\t\t\t\tclass=\"rs-layer-static\"\n\t\t\t\t\t\t\t\tdata-type=\"image\"\n\t\t\t\t\t\t\t\tdata-rsp_ch=\"on\"\n\t\t\t\t\t\t\t\tdata-text=\"w:normal;\"\n\t\t\t\t\t\t\t\tdata-dim=\"w:1800px;h:1100px;\"\n\t\t\t\t\t\t\t\tdata-basealign=\"slide\"\n\t\t\t\t\t\t\t\tdata-onslides=\"s:1;\"\n\t\t\t\t\t\t\t\tdata-frame_999=\"o:0;st:w;\"\n\t\t\t\t\t\t\t\tstyle=\"z-index:8;\"\n\t\t\t\t\t\t\t><img loading=\"lazy\" decoding=\"async\" src=\"\/\/www.shinfusion.it\/-wp\/wp-content\/plugins\/revslider\/public\/assets\/assets\/dummy.png\" alt=\"\" class=\"tp-rs-img rs-lazyload\" width=\"1800\" height=\"1100\" data-lazyload=\"\/\/www.shinfusion.it\/-wp\/wp-content\/uploads\/2023\/10\/home_lato_ok.png\" data-no-retina> \n\t\t\t\t\t\t\t<\/rs-layer><!--\n\t\t\t\t\t--><\/rs-static-layers>\n\t\t\t\t<\/rs-module>\n\t\t\t\t<script>\n\t\t\t\t\tsetREVStartSize({c: 'rev_slider_1_1',rl:[1240,1024,778,480],el:[899.985],gw:[1240],gh:[900],type:'standard',justify:'',layout:'fullscreen',offsetContainer:'',offset:'',mh:\"0\"});if (window.RS_MODULES!==undefined && window.RS_MODULES.modules!==undefined && window.RS_MODULES.modules[\"revslider11\"]!==undefined) {window.RS_MODULES.modules[\"revslider11\"].once = false;window.revapi1 = undefined;if (window.RS_MODULES.checkMinimal!==undefined) window.RS_MODULES.checkMinimal()}\n\t\t\t\t<\/script>\n\t\t\t<\/rs-module-wrap>\n\t\t\t<!-- END REVOLUTION SLIDER -->\n[\/vc_column][\/vc_row][vc_row content_placement=&#8221;top&#8221; motts_theme_padding=&#8221;no&#8221; use_container=&#8221;yes&#8221; conter_content=&#8221;yes&#8221; css=&#8221;.vc_custom_1670941174388{margin-top: -150px !important;}&#8221; el_class=&#8221;solo_cell&#8221;][vc_column]\n\t\t\t<!-- START home cell REVOLUTION SLIDER 6.5.16 --><p class=\"rs-p-wp-fix\"><\/p>\n\t\t\t<rs-module-wrap id=\"rev_slider_3_2_wrapper\" data-source=\"gallery\" style=\"visibility:hidden;background:transparent;padding:0;\">\n\t\t\t\t<rs-module id=\"rev_slider_3_2\" style=\"\" data-version=\"6.5.16\">\n\t\t\t\t\t<rs-slides>\n\t\t\t\t\t\t<rs-slide style=\"position: absolute;\" data-key=\"rs-19\" data-title=\"Slide\" data-duration=\"5000ms\" data-anim=\"d:80;ms:1000;f:center;\" data-filter=\"e:late2;b:3;\" data-in=\"prst:rndany;o:0;x:cyc(-100%|0|100%);sx:cyc(1|0|1);sy:cyc(1|0|1);col:3;\">\n\t\t\t\t\t\t\t<img loading=\"lazy\" decoding=\"async\" src=\"\/\/www.shinfusion.it\/-wp\/wp-content\/plugins\/revslider\/public\/assets\/assets\/dummy.png\" alt=\"\" title=\"1\" width=\"1800\" height=\"1100\" class=\"rev-slidebg tp-rs-img rs-lazyload\" data-lazyload=\"\/\/www.shinfusion.it\/-wp\/wp-content\/uploads\/2022\/12\/1-1.jpg\" data-no-retina>\n<!---->\t\t\t\t\t\t<\/rs-slide>\n\t\t\t\t\t\t<rs-slide style=\"position: absolute;\" data-key=\"rs-20\" data-title=\"Slide\" data-duration=\"5000ms\" data-in=\"prst:rndany;x:-100%;\" data-out=\"sx:0.85;sy:0.85;\">\n\t\t\t\t\t\t\t<img loading=\"lazy\" decoding=\"async\" src=\"\/\/www.shinfusion.it\/-wp\/wp-content\/plugins\/revslider\/public\/assets\/assets\/dummy.png\" alt=\"\" title=\"2\" width=\"1800\" height=\"1100\" class=\"rev-slidebg tp-rs-img rs-lazyload\" data-lazyload=\"\/\/www.shinfusion.it\/-wp\/wp-content\/uploads\/2022\/12\/2-1.jpg\" data-no-retina>\n<!---->\t\t\t\t\t\t<\/rs-slide>\n\t\t\t\t\t\t<rs-slide style=\"position: absolute;\" data-key=\"rs-21\" data-title=\"Slide\" data-duration=\"5000ms\" data-anim=\"d:10;ms:500;f:slidebased;\" data-in=\"prst:rndany;o:0;y:(-50%);sx:0.7;sy:0.7;m:true;e:power4.inOut;row:5;\" data-out=\"a:false;\">\n\t\t\t\t\t\t\t<img loading=\"lazy\" decoding=\"async\" src=\"\/\/www.shinfusion.it\/-wp\/wp-content\/plugins\/revslider\/public\/assets\/assets\/dummy.png\" alt=\"\" title=\"3\" width=\"1800\" height=\"1000\" class=\"rev-slidebg tp-rs-img rs-lazyload\" data-lazyload=\"\/\/www.shinfusion.it\/-wp\/wp-content\/uploads\/2022\/12\/3-1.jpg\" data-no-retina>\n<!---->\t\t\t\t\t\t<\/rs-slide>\n\t\t\t\t\t\t<rs-slide style=\"position: absolute;\" data-key=\"rs-22\" data-title=\"Slide\" data-duration=\"5000ms\" data-in=\"prst:rndany;\" data-out=\"x:-100%;\">\n\t\t\t\t\t\t\t<img loading=\"lazy\" decoding=\"async\" src=\"\/\/www.shinfusion.it\/-wp\/wp-content\/plugins\/revslider\/public\/assets\/assets\/dummy.png\" alt=\"\" title=\"4\" width=\"1800\" height=\"1100\" class=\"rev-slidebg tp-rs-img rs-lazyload\" data-lazyload=\"\/\/www.shinfusion.it\/-wp\/wp-content\/uploads\/2022\/12\/4.jpg\" data-no-retina>\n<!---->\t\t\t\t\t\t<\/rs-slide>\n\t\t\t\t\t\t<rs-slide style=\"position: absolute;\" data-key=\"rs-23\" data-title=\"Slide\" data-duration=\"5000ms\" data-anim=\"d:20;ms:900;f:center;\" data-in=\"prst:rndany;o:0;x:(100%);sx:3;sy:4;m:true;row:400;\" data-out=\"x:(-150%);sx:3;sy:3;m:true;row:400;\">\n\t\t\t\t\t\t\t<img loading=\"lazy\" decoding=\"async\" src=\"\/\/www.shinfusion.it\/-wp\/wp-content\/plugins\/revslider\/public\/assets\/assets\/dummy.png\" alt=\"\" title=\"5\" width=\"1800\" height=\"1100\" class=\"rev-slidebg tp-rs-img rs-lazyload\" data-lazyload=\"\/\/www.shinfusion.it\/-wp\/wp-content\/uploads\/2022\/12\/5.jpg\" data-no-retina>\n<!---->\t\t\t\t\t\t<\/rs-slide>\n\t\t\t\t\t\t<rs-slide style=\"position: absolute;\" data-key=\"rs-24\" data-title=\"Slide\" data-duration=\"5000ms\" data-anim=\"p:dark;f:slidebased;\" data-in=\"prst:rndany;y:(100%);m:true;col:5;\">\n\t\t\t\t\t\t\t<img loading=\"lazy\" decoding=\"async\" src=\"\/\/www.shinfusion.it\/-wp\/wp-content\/plugins\/revslider\/public\/assets\/assets\/dummy.png\" alt=\"\" title=\"6\" width=\"1800\" height=\"1100\" class=\"rev-slidebg tp-rs-img rs-lazyload\" data-lazyload=\"\/\/www.shinfusion.it\/-wp\/wp-content\/uploads\/2022\/12\/6.jpg\" data-no-retina>\n<!---->\t\t\t\t\t\t<\/rs-slide>\n\t\t\t\t\t\t<rs-slide style=\"position: absolute;\" data-key=\"rs-25\" data-title=\"Slide\" data-duration=\"5000ms\" data-anim=\"d:20;ms:900;f:center;\" data-in=\"prst:rndany;o:0;y:(100%);sx:4;sy:3;m:true;col:400;\" data-out=\"y:(-150%);sx:3;sy:3;m:true;col:400;\">\n\t\t\t\t\t\t\t<img loading=\"lazy\" decoding=\"async\" src=\"\/\/www.shinfusion.it\/-wp\/wp-content\/plugins\/revslider\/public\/assets\/assets\/dummy.png\" alt=\"\" title=\"7\" width=\"1800\" height=\"1100\" class=\"rev-slidebg tp-rs-img rs-lazyload\" data-lazyload=\"\/\/www.shinfusion.it\/-wp\/wp-content\/uploads\/2022\/12\/7.jpg\" data-no-retina>\n<!---->\t\t\t\t\t\t<\/rs-slide>\n\t\t\t\t\t<\/rs-slides>\n\t\t\t\t\t<rs-static-layers><!--\n\t\t\t\t\t--><\/rs-static-layers>\n\t\t\t\t<\/rs-module>\n\t\t\t\t<script>\n\t\t\t\t\tsetREVStartSize({c: 'rev_slider_3_2',rl:[1240,1024,778,480],el:[899.985],gw:[1240],gh:[900],type:'standard',justify:'',layout:'fullscreen',offsetContainer:'',offset:'',mh:\"0\"});if (window.RS_MODULES!==undefined && window.RS_MODULES.modules!==undefined && window.RS_MODULES.modules[\"revslider32\"]!==undefined) {window.RS_MODULES.modules[\"revslider32\"].once = false;window.revapi3 = undefined;if (window.RS_MODULES.checkMinimal!==undefined) window.RS_MODULES.checkMinimal()}\n\t\t\t\t<\/script>\n\t\t\t<\/rs-module-wrap>\n\t\t\t<!-- END REVOLUTION SLIDER -->\n[\/vc_column][\/vc_row][vc_row][vc_column][vc_empty_space height=&#8221;100px&#8221;][vc_text_separator title=&#8221;I nostri menu&#8221; i_icon_fontawesome=&#8221;fas fa-utensils&#8221; i_color=&#8221;custom&#8221; i_background_style=&#8221;rounded&#8221; title_align=&#8221;separator_align_left&#8221; align=&#8221;align_left&#8221; color=&#8221;custom&#8221; css_animation=&#8221;appear&#8221; add_icon=&#8221;true&#8221; i_custom_color=&#8221;#20283b&#8221; accent_color=&#8221;#be95a9&#8243;][vc_column_text css_animation=&#8221;fadeInRightBig&#8221;]L\u2019obiettivo di <strong>SHIN<\/strong> \u00e8 quello di offrire alla propria clientela prodotti di assoluta qualit\u00e0, realizzati secondo i principi basilari della cucina giapponese, rispettando cio\u00e8 i gusti, i colori e le consistenze naturali degli alimenti, condendo con moderazione e usando con parsimonia le spezie, per un risultato impareggiabile per la vista ed il gusto.<\/p>\n<p>La nostra cucina \u00e8 il perfetto connubio di colori e sapori, per il massimo piacere della vista e del palato.\u00a0Prima di gustare ed assaporare un piatto non si pu\u00f2 non ammirarne la perfetta combinazione di colori, che si fondono perfettamente tra loro esaltando ed evidenziando la freschezza degli alimenti che lo compongono.[\/vc_column_text][vc_row_inner][vc_column_inner width=&#8221;1\/3&#8243;][vc_single_image image=&#8221;850&#8243; img_size=&#8221;full&#8221; css_animation=&#8221;fadeInLeftBig&#8221; el_class=&#8221;immagine_sito&#8221;][vc_text_separator title=&#8221;Menu pranzo&#8221; title_align=&#8221;separator_align_left&#8221; align=&#8221;align_left&#8221; color=&#8221;custom&#8221; css_animation=&#8221;appear&#8221; accent_color=&#8221;#be95a9&#8243;][vc_column_text css_animation=&#8221;fadeInLeftBig&#8221;]<\/p>\n<p style=\"text-align: left;\">da Marted\u00ec a Venerd\u00ec <strong>17,00 Euro<\/strong><br \/>\nSabato Domenica e Festivi <strong>19,00 Euro<\/strong><\/p>\n<p>[\/vc_column_text][vc_btn title=&#8221;Scarica il menu&#8221; color=&#8221;mulled-wine&#8221; size=&#8221;sm&#8221; align=&#8221;right&#8221; el_class=&#8221;solo_cell&#8221; link=&#8221;url:http%3A%2F%2Fwww.shinfusion.it%2F-wp%2Fwp-content%2Fuploads%2F2023%2F10%2FSHIN-MENU-2024.pdf|target:_blank&#8221;][\/vc_column_inner][vc_column_inner width=&#8221;1\/3&#8243;][vc_single_image image=&#8221;851&#8243; img_size=&#8221;full&#8221; css_animation=&#8221;fadeInUpBig&#8221; el_class=&#8221;immagine_sito&#8221;][vc_text_separator title=&#8221;Menu cena&#8221; title_align=&#8221;separator_align_left&#8221; align=&#8221;align_left&#8221; color=&#8221;custom&#8221; css_animation=&#8221;appear&#8221; accent_color=&#8221;#be95a9&#8243;][vc_column_text css_animation=&#8221;fadeInUpBig&#8221;]<\/p>\n<p style=\"text-align: left;\">da Marted\u00ec a Domenica <strong>32,00 Euro<\/strong><br \/>\ncon tantissimi piatti nuovi e gustosi<\/p>\n<p>[\/vc_column_text][vc_btn title=&#8221;Scarica il menu&#8221; color=&#8221;mulled-wine&#8221; size=&#8221;sm&#8221; align=&#8221;right&#8221; el_class=&#8221;solo_cell&#8221; link=&#8221;url:http%3A%2F%2Fwww.shinfusion.it%2F-wp%2Fwp-content%2Fuploads%2F2023%2F10%2FSHIN-MENU-2024.pdf|target:_blank&#8221;][\/vc_column_inner][vc_column_inner width=&#8221;1\/3&#8243;][vc_single_image image=&#8221;1430&#8243; img_size=&#8221;full&#8221; css_animation=&#8221;fadeInRightBig&#8221; el_class=&#8221;immagine_sito&#8221;][vc_text_separator title=&#8221;Take or Delivery&#8221; title_align=&#8221;separator_align_left&#8221; align=&#8221;align_left&#8221; color=&#8221;custom&#8221; css_animation=&#8221;appear&#8221; accent_color=&#8221;#be95a9&#8243;][vc_column_text css_animation=&#8221;fadeInRightBig&#8221;]<\/p>\n<p style=\"text-align: left;\">Effettuiamo il servizio\u00a0 &#8211; TAKE AWAY o DELIVERY<br \/>\nsia a mezzogiorno che alla sera.<\/p>\n<p style=\"font-size: 12px;\"><em>A partire da 20,00 euro di spesa, sconto del 20%\u00a0 e\u00a0consegna a domicilio GRATUITA<\/em><\/p>\n<p>[\/vc_column_text][vc_btn title=&#8221;Scarica il menu&#8221; color=&#8221;mulled-wine&#8221; size=&#8221;sm&#8221; align=&#8221;right&#8221; link=&#8221;url:http%3A%2F%2Fwww.shinfusion.it%2F-wp%2Fwp-content%2Fuploads%2F2023%2F10%2FSHIN-MENU-2024.pdf|target:_blank&#8221; el_class=&#8221;solo_cell&#8221;][\/vc_column_inner][\/vc_row_inner][vc_row_inner][vc_column_inner width=&#8221;1\/3&#8243;][vc_btn title=&#8221;Scarica il menu&#8221; color=&#8221;mulled-wine&#8221; size=&#8221;sm&#8221; align=&#8221;right&#8221; el_class=&#8221;solo_desk&#8221; link=&#8221;url:http%3A%2F%2Fwww.shinfusion.it%2F-wp%2Fwp-content%2Fuploads%2F2023%2F10%2FSHIN-MENU-2024.pdf|target:_blank&#8221;][\/vc_column_inner][vc_column_inner width=&#8221;1\/3&#8243;][vc_btn title=&#8221;Scarica il menu&#8221; color=&#8221;mulled-wine&#8221; size=&#8221;sm&#8221; align=&#8221;right&#8221; el_class=&#8221;solo_desk&#8221; link=&#8221;url:http%3A%2F%2Fwww.shinfusion.it%2F-wp%2Fwp-content%2Fuploads%2F2023%2F10%2FSHIN-MENU-2024.pdf|target:_blank&#8221;][\/vc_column_inner][vc_column_inner width=&#8221;1\/3&#8243;][vc_btn title=&#8221;Scarica il menu&#8221; color=&#8221;mulled-wine&#8221; size=&#8221;sm&#8221; align=&#8221;right&#8221; link=&#8221;url:http%3A%2F%2Fwww.shinfusion.it%2F-wp%2Fwp-content%2Fuploads%2F2023%2F10%2FSHIN-MENU-2024.pdf|target:_blank&#8221; el_class=&#8221;solo_desk&#8221;][\/vc_column_inner][\/vc_row_inner][vc_row_inner][vc_column_inner][vc_text_separator title=&#8221;Gallery&#8221; i_icon_fontawesome=&#8221;fas fa-camera&#8221; i_color=&#8221;custom&#8221; i_background_style=&#8221;rounded&#8221; title_align=&#8221;separator_align_left&#8221; align=&#8221;align_left&#8221; color=&#8221;custom&#8221; css_animation=&#8221;appear&#8221; add_icon=&#8221;true&#8221; i_custom_color=&#8221;#20283b&#8221; accent_color=&#8221;#be95a9&#8243;][vc_masonry_media_grid style=&#8221;load-more&#8221; items_per_page=&#8221;6&#8243; initial_loading_animation=&#8221;fadeIn&#8221; grid_id=&#8221;vc_gid:1725702300472-a1b74a8a-2804-9&#8243; include=&#8221;617,839,840,841,842,843,844,845,846,847,848,993,994,995,996,997&#8243;][\/vc_column_inner][\/vc_row_inner][\/vc_column][\/vc_row]<\/p>\n<\/section>","protected":false},"excerpt":{"rendered":"<p>[vc_row content_placement=&#8221;top&#8221; motts_theme_padding=&#8221;no&#8221; use_container=&#8221;yes&#8221; conter_content=&#8221;yes&#8221; css=&#8221;.vc_custom_1670941161074{margin-top: -150px !important;}&#8221; el_class=&#8221;solo_desk&#8221;][vc_column][\/vc_column][\/vc_row][vc_row content_placement=&#8221;top&#8221; motts_theme_padding=&#8221;no&#8221; use_container=&#8221;yes&#8221; conter_content=&#8221;yes&#8221; css=&#8221;.vc_custom_1670941174388{margin-top: -150px !important;}&#8221; el_class=&#8221;solo_cell&#8221;][vc_column][\/vc_column][\/vc_row][vc_row][vc_column][vc_empty_space height=&#8221;100px&#8221;][vc_text_separator title=&#8221;I nostri menu&#8221; i_icon_fontawesome=&#8221;fas fa-utensils&#8221; i_color=&#8221;custom&#8221; i_background_style=&#8221;rounded&#8221; title_align=&#8221;separator_align_left&#8221; align=&#8221;align_left&#8221; color=&#8221;custom&#8221; css_animation=&#8221;appear&#8221; add_icon=&#8221;true&#8221; i_custom_color=&#8221;#20283b&#8221; accent_color=&#8221;#be95a9&#8243;][vc_column_text css_animation=&#8221;fadeInRightBig&#8221;]L\u2019obiettivo di SHIN \u00e8 quello di offrire alla propria clientela prodotti di assoluta qualit\u00e0, realizzati secondo i principi basilari della cucina giapponese, rispettando [&hellip;]<\/p>\n","protected":false},"author":1,"featured_media":0,"parent":0,"menu_order":0,"comment_status":"closed","ping_status":"closed","template":"","meta":{"footnotes":""},"class_list":["post-594","page","type-page","status-publish","hentry"],"acf":[],"_links":{"self":[{"href":"https:\/\/www.shinfusion.it\/-wp\/wp-json\/wp\/v2\/pages\/594","targetHints":{"allow":["GET"]}}],"collection":[{"href":"https:\/\/www.shinfusion.it\/-wp\/wp-json\/wp\/v2\/pages"}],"about":[{"href":"https:\/\/www.shinfusion.it\/-wp\/wp-json\/wp\/v2\/types\/page"}],"author":[{"embeddable":true,"href":"https:\/\/www.shinfusion.it\/-wp\/wp-json\/wp\/v2\/users\/1"}],"replies":[{"embeddable":true,"href":"https:\/\/www.shinfusion.it\/-wp\/wp-json\/wp\/v2\/comments?post=594"}],"version-history":[{"count":78,"href":"https:\/\/www.shinfusion.it\/-wp\/wp-json\/wp\/v2\/pages\/594\/revisions"}],"predecessor-version":[{"id":1431,"href":"https:\/\/www.shinfusion.it\/-wp\/wp-json\/wp\/v2\/pages\/594\/revisions\/1431"}],"wp:attachment":[{"href":"https:\/\/www.shinfusion.it\/-wp\/wp-json\/wp\/v2\/media?parent=594"}],"curies":[{"name":"wp","href":"https:\/\/api.w.org\/{rel}","templated":true}]}}